{"id":3057,"date":"2021-01-21T09:36:47","date_gmt":"2021-01-21T09:36:47","guid":{"rendered":"https:\/\/climacosta.be\/nieuws\/"},"modified":"2024-04-11T14:19:40","modified_gmt":"2024-04-11T14:19:40","slug":"nieuws","status":"publish","type":"page","link":"https:\/\/climacosta.be\/nl\/nieuws\/","title":{"rendered":"Nieuws"},"content":{"rendered":"\t\t<div data-elementor-type=\"wp-page\" data-elementor-id=\"3057\" class=\"elementor elementor-3057 elementor-441\" data-elementor-post-type=\"page\">\n\t\t\t\t\t\t<section class=\"elementor-section elementor-top-section elementor-element elementor-element-9c1a6e9 elementor-section-height-min-height elementor-section-boxed elementor-section-height-default elementor-section-items-middle\" data-id=\"9c1a6e9\" data-element_type=\"section\" data-settings=\"{&quot;background_background&quot;:&quot;classic&quot;,&quot;shape_divider_bottom&quot;:&quot;tilt&quot;,&quot;_ha_eqh_enable&quot;:false}\">\n\t\t\t\t\t\t\t<div class=\"elementor-background-overlay\"><\/div>\n\t\t\t\t\t\t<div class=\"elementor-shape elementor-shape-bottom\" data-negative=\"false\">\n\t\t\t<svg xmlns=\"http:\/\/www.w3.org\/2000\/svg\" viewBox=\"0 0 1000 100\" preserveAspectRatio=\"none\">\n\t<path class=\"elementor-shape-fill\" d=\"M0,6V0h1000v100L0,6z\"\/>\n<\/svg>\t\t<\/div>\n\t\t\t\t\t<div class=\"elementor-container elementor-column-gap-default\">\n\t\t\t\t\t<div class=\"elementor-column elementor-col-100 elementor-top-column elementor-element elementor-element-5458adb8\" data-id=\"5458adb8\" data-element_type=\"column\">\n\t\t\t<div class=\"elementor-widget-wrap elementor-element-populated\">\n\t\t\t\t\t\t<div class=\"elementor-element elementor-element-61defe17 elementor-widget elementor-widget-heading\" data-id=\"61defe17\" data-element_type=\"widget\" data-widget_type=\"heading.default\">\n\t\t\t\t<div class=\"elementor-widget-container\">\n\t\t\t<h2 class=\"elementor-heading-title elementor-size-default\">Nieuws<\/h2>\t\t<\/div>\n\t\t\t\t<\/div>\n\t\t\t\t\t<\/div>\n\t\t<\/div>\n\t\t\t\t\t<\/div>\n\t\t<\/section>\n\t\t\t\t<section class=\"elementor-section elementor-top-section elementor-element elementor-element-53509c2 elementor-section-boxed elementor-section-height-default elementor-section-height-default\" data-id=\"53509c2\" data-element_type=\"section\" data-settings=\"{&quot;_ha_eqh_enable&quot;:false}\">\n\t\t\t\t\t\t<div class=\"elementor-container elementor-column-gap-default\">\n\t\t\t\t\t<div class=\"elementor-column elementor-col-100 elementor-top-column elementor-element elementor-element-8562a26\" data-id=\"8562a26\" data-element_type=\"column\">\n\t\t\t<div class=\"elementor-widget-wrap elementor-element-populated\">\n\t\t\t\t\t\t<div class=\"elementor-element elementor-element-ddbce7b ha-pg-grid-3 ha-pg-grid-tablet-2 ha-pg-grid-mobile-1 elementor-widget elementor-widget-ha-post-grid-new happy-addon ha-post-grid-new happy-addon-pro\" data-id=\"ddbce7b\" data-element_type=\"widget\" data-settings=\"{&quot;columns&quot;:&quot;3&quot;,&quot;columns_tablet&quot;:&quot;2&quot;,&quot;columns_mobile&quot;:&quot;1&quot;}\" data-widget_type=\"ha-post-grid-new.default\">\n\t\t\t\t<div class=\"elementor-widget-container\">\n\t\t\t\t\t\t\t\t\t<\/div>\n\t\t\t\t<\/div>\n\t\t\t\t\t<\/div>\n\t\t<\/div>\n\t\t\t\t\t<\/div>\n\t\t<\/section>\n\t\t\t\t<\/div>\n\t\t","protected":false},"excerpt":{"rendered":"<p>Nieuws Conseils Les pompes \u00e0 chaleur Air-Eau : Tout savoir 19 f\u00e9vrier 2024 Dans la qu\u00eate d&#8217;alternatives \u00e9nerg\u00e9tiques plus respectueuses de l&#8217;environnement, les\u2026 Lire l&#039;article \u00bb Conseils Certificat RESCERT Pompes \u00e0 chaleur 9 f\u00e9vrier 2024 Le certificat RESCert constitue une marque de qualit\u00e9 et d&#8217;excellence\u2026 Lire l&#039;article \u00bb Conseils Comment am\u00e9liorer la performance \u00e9nerg\u00e9tique de [&hellip;]<\/p>\n","protected":false},"author":1,"featured_media":4067,"parent":0,"menu_order":0,"comment_status":"closed","ping_status":"closed","template":"","meta":{"footnotes":""},"class_list":["post-3057","page","type-page","status-publish","has-post-thumbnail","hentry"],"yoast_head":"<!-- This site is optimized with the Yoast SEO plugin v23.3 - https:\/\/yoast.com\/wordpress\/plugins\/seo\/ -->\n<title>Nieuws - Climacosta<\/title>\n<meta name=\"robots\" content=\"index, follow, max-snippet:-1, max-image-preview:large, max-video-preview:-1\" \/>\n<link rel=\"canonical\" href=\"https:\/\/climacosta.be\/nl\/nieuws\/\" \/>\n<meta property=\"og:locale\" content=\"nl_NL\" \/>\n<meta property=\"og:type\" content=\"article\" \/>\n<meta property=\"og:title\" content=\"Nieuws - Climacosta\" \/>\n<meta property=\"og:description\" content=\"Nieuws Conseils Les pompes \u00e0 chaleur Air-Eau : Tout savoir 19 f\u00e9vrier 2024 Dans la qu\u00eate d&#8217;alternatives \u00e9nerg\u00e9tiques plus respectueuses de l&#8217;environnement, les\u2026 Lire l&#039;article \u00bb Conseils Certificat RESCERT Pompes \u00e0 chaleur 9 f\u00e9vrier 2024 Le certificat RESCert constitue une marque de qualit\u00e9 et d&#8217;excellence\u2026 Lire l&#039;article \u00bb Conseils Comment am\u00e9liorer la performance \u00e9nerg\u00e9tique de [&hellip;]\" \/>\n<meta property=\"og:url\" content=\"https:\/\/climacosta.be\/nl\/nieuws\/\" \/>\n<meta property=\"og:site_name\" content=\"Climacosta\" \/>\n<meta property=\"article:modified_time\" content=\"2024-04-11T14:19:40+00:00\" \/>\n<meta property=\"og:image\" content=\"https:\/\/climacosta.be\/wp-content\/uploads\/2024\/02\/Capture-decran-2024-02-01-a-16.55.27.png\" \/>\n\t<meta property=\"og:image:width\" content=\"1460\" \/>\n\t<meta property=\"og:image:height\" content=\"920\" \/>\n\t<meta property=\"og:image:type\" content=\"image\/png\" \/>\n<meta name=\"twitter:card\" content=\"summary_large_image\" \/>\n<meta name=\"twitter:label1\" content=\"Geschatte leestijd\" \/>\n\t<meta name=\"twitter:data1\" content=\"1 minuut\" \/>\n<script type=\"application\/ld+json\" class=\"yoast-schema-graph\">{\"@context\":\"https:\/\/schema.org\",\"@graph\":[{\"@type\":\"WebPage\",\"@id\":\"https:\/\/climacosta.be\/nl\/nieuws\/\",\"url\":\"https:\/\/climacosta.be\/nl\/nieuws\/\",\"name\":\"Nieuws - Climacosta\",\"isPartOf\":{\"@id\":\"https:\/\/climacosta.be\/nl\/#website\"},\"primaryImageOfPage\":{\"@id\":\"https:\/\/climacosta.be\/nl\/nieuws\/#primaryimage\"},\"image\":{\"@id\":\"https:\/\/climacosta.be\/nl\/nieuws\/#primaryimage\"},\"thumbnailUrl\":\"https:\/\/climacosta.be\/wp-content\/uploads\/2024\/02\/Capture-decran-2024-02-01-a-16.55.27.png\",\"datePublished\":\"2021-01-21T09:36:47+00:00\",\"dateModified\":\"2024-04-11T14:19:40+00:00\",\"breadcrumb\":{\"@id\":\"https:\/\/climacosta.be\/nl\/nieuws\/#breadcrumb\"},\"inLanguage\":\"nl-NL\",\"potentialAction\":[{\"@type\":\"ReadAction\",\"target\":[\"https:\/\/climacosta.be\/nl\/nieuws\/\"]}]},{\"@type\":\"ImageObject\",\"inLanguage\":\"nl-NL\",\"@id\":\"https:\/\/climacosta.be\/nl\/nieuws\/#primaryimage\",\"url\":\"https:\/\/climacosta.be\/wp-content\/uploads\/2024\/02\/Capture-decran-2024-02-01-a-16.55.27.png\",\"contentUrl\":\"https:\/\/climacosta.be\/wp-content\/uploads\/2024\/02\/Capture-decran-2024-02-01-a-16.55.27.png\",\"width\":1460,\"height\":920},{\"@type\":\"BreadcrumbList\",\"@id\":\"https:\/\/climacosta.be\/nl\/nieuws\/#breadcrumb\",\"itemListElement\":[{\"@type\":\"ListItem\",\"position\":1,\"name\":\"Accueil\",\"item\":\"https:\/\/climacosta.be\/nl\/accueil\/\"},{\"@type\":\"ListItem\",\"position\":2,\"name\":\"Nieuws\"}]},{\"@type\":\"WebSite\",\"@id\":\"https:\/\/climacosta.be\/nl\/#website\",\"url\":\"https:\/\/climacosta.be\/nl\/\",\"name\":\"Climacosta\",\"description\":\"Le climatiseur sans unit\u00e9 ext\u00e9rieure\",\"publisher\":{\"@id\":\"https:\/\/climacosta.be\/nl\/#organization\"},\"potentialAction\":[{\"@type\":\"SearchAction\",\"target\":{\"@type\":\"EntryPoint\",\"urlTemplate\":\"https:\/\/climacosta.be\/nl\/?s={search_term_string}\"},\"query-input\":\"required name=search_term_string\"}],\"inLanguage\":\"nl-NL\"},{\"@type\":\"Organization\",\"@id\":\"https:\/\/climacosta.be\/nl\/#organization\",\"name\":\"Climacosta\",\"url\":\"https:\/\/climacosta.be\/nl\/\",\"logo\":{\"@type\":\"ImageObject\",\"inLanguage\":\"nl-NL\",\"@id\":\"https:\/\/climacosta.be\/nl\/#\/schema\/logo\/image\/\",\"url\":\"https:\/\/climacosta.be\/wp-content\/uploads\/2021\/01\/Climacosta-tout-blanc-01.png\",\"contentUrl\":\"https:\/\/climacosta.be\/wp-content\/uploads\/2021\/01\/Climacosta-tout-blanc-01.png\",\"width\":2233,\"height\":937,\"caption\":\"Climacosta\"},\"image\":{\"@id\":\"https:\/\/climacosta.be\/nl\/#\/schema\/logo\/image\/\"}}]}<\/script>\n<!-- \/ Yoast SEO plugin. -->","yoast_head_json":{"title":"Nieuws - Climacosta","robots":{"index":"index","follow":"follow","max-snippet":"max-snippet:-1","max-image-preview":"max-image-preview:large","max-video-preview":"max-video-preview:-1"},"canonical":"https:\/\/climacosta.be\/nl\/nieuws\/","og_locale":"nl_NL","og_type":"article","og_title":"Nieuws - Climacosta","og_description":"Nieuws Conseils Les pompes \u00e0 chaleur Air-Eau : Tout savoir 19 f\u00e9vrier 2024 Dans la qu\u00eate d&#8217;alternatives \u00e9nerg\u00e9tiques plus respectueuses de l&#8217;environnement, les\u2026 Lire l&#039;article \u00bb Conseils Certificat RESCERT Pompes \u00e0 chaleur 9 f\u00e9vrier 2024 Le certificat RESCert constitue une marque de qualit\u00e9 et d&#8217;excellence\u2026 Lire l&#039;article \u00bb Conseils Comment am\u00e9liorer la performance \u00e9nerg\u00e9tique de [&hellip;]","og_url":"https:\/\/climacosta.be\/nl\/nieuws\/","og_site_name":"Climacosta","article_modified_time":"2024-04-11T14:19:40+00:00","og_image":[{"width":1460,"height":920,"url":"https:\/\/climacosta.be\/wp-content\/uploads\/2024\/02\/Capture-decran-2024-02-01-a-16.55.27.png","type":"image\/png"}],"twitter_card":"summary_large_image","twitter_misc":{"Geschatte leestijd":"1 minuut"},"schema":{"@context":"https:\/\/schema.org","@graph":[{"@type":"WebPage","@id":"https:\/\/climacosta.be\/nl\/nieuws\/","url":"https:\/\/climacosta.be\/nl\/nieuws\/","name":"Nieuws - Climacosta","isPartOf":{"@id":"https:\/\/climacosta.be\/nl\/#website"},"primaryImageOfPage":{"@id":"https:\/\/climacosta.be\/nl\/nieuws\/#primaryimage"},"image":{"@id":"https:\/\/climacosta.be\/nl\/nieuws\/#primaryimage"},"thumbnailUrl":"https:\/\/climacosta.be\/wp-content\/uploads\/2024\/02\/Capture-decran-2024-02-01-a-16.55.27.png","datePublished":"2021-01-21T09:36:47+00:00","dateModified":"2024-04-11T14:19:40+00:00","breadcrumb":{"@id":"https:\/\/climacosta.be\/nl\/nieuws\/#breadcrumb"},"inLanguage":"nl-NL","potentialAction":[{"@type":"ReadAction","target":["https:\/\/climacosta.be\/nl\/nieuws\/"]}]},{"@type":"ImageObject","inLanguage":"nl-NL","@id":"https:\/\/climacosta.be\/nl\/nieuws\/#primaryimage","url":"https:\/\/climacosta.be\/wp-content\/uploads\/2024\/02\/Capture-decran-2024-02-01-a-16.55.27.png","contentUrl":"https:\/\/climacosta.be\/wp-content\/uploads\/2024\/02\/Capture-decran-2024-02-01-a-16.55.27.png","width":1460,"height":920},{"@type":"BreadcrumbList","@id":"https:\/\/climacosta.be\/nl\/nieuws\/#breadcrumb","itemListElement":[{"@type":"ListItem","position":1,"name":"Accueil","item":"https:\/\/climacosta.be\/nl\/accueil\/"},{"@type":"ListItem","position":2,"name":"Nieuws"}]},{"@type":"WebSite","@id":"https:\/\/climacosta.be\/nl\/#website","url":"https:\/\/climacosta.be\/nl\/","name":"Climacosta","description":"Le climatiseur sans unit\u00e9 ext\u00e9rieure","publisher":{"@id":"https:\/\/climacosta.be\/nl\/#organization"},"potentialAction":[{"@type":"SearchAction","target":{"@type":"EntryPoint","urlTemplate":"https:\/\/climacosta.be\/nl\/?s={search_term_string}"},"query-input":"required name=search_term_string"}],"inLanguage":"nl-NL"},{"@type":"Organization","@id":"https:\/\/climacosta.be\/nl\/#organization","name":"Climacosta","url":"https:\/\/climacosta.be\/nl\/","logo":{"@type":"ImageObject","inLanguage":"nl-NL","@id":"https:\/\/climacosta.be\/nl\/#\/schema\/logo\/image\/","url":"https:\/\/climacosta.be\/wp-content\/uploads\/2021\/01\/Climacosta-tout-blanc-01.png","contentUrl":"https:\/\/climacosta.be\/wp-content\/uploads\/2021\/01\/Climacosta-tout-blanc-01.png","width":2233,"height":937,"caption":"Climacosta"},"image":{"@id":"https:\/\/climacosta.be\/nl\/#\/schema\/logo\/image\/"}}]}},"_links":{"self":[{"href":"https:\/\/climacosta.be\/nl\/wp-json\/wp\/v2\/pages\/3057","targetHints":{"allow":["GET"]}}],"collection":[{"href":"https:\/\/climacosta.be\/nl\/wp-json\/wp\/v2\/pages"}],"about":[{"href":"https:\/\/climacosta.be\/nl\/wp-json\/wp\/v2\/types\/page"}],"author":[{"embeddable":true,"href":"https:\/\/climacosta.be\/nl\/wp-json\/wp\/v2\/users\/1"}],"replies":[{"embeddable":true,"href":"https:\/\/climacosta.be\/nl\/wp-json\/wp\/v2\/comments?post=3057"}],"version-history":[{"count":9,"href":"https:\/\/climacosta.be\/nl\/wp-json\/wp\/v2\/pages\/3057\/revisions"}],"predecessor-version":[{"id":4262,"href":"https:\/\/climacosta.be\/nl\/wp-json\/wp\/v2\/pages\/3057\/revisions\/4262"}],"wp:featuredmedia":[{"embeddable":true,"href":"https:\/\/climacosta.be\/nl\/wp-json\/wp\/v2\/media\/4067"}],"wp:attachment":[{"href":"https:\/\/climacosta.be\/nl\/wp-json\/wp\/v2\/media?parent=3057"}],"curies":[{"name":"wp","href":"https:\/\/api.w.org\/{rel}","templated":true}]}}